{"id":10,"date":"2022-12-22T08:06:34","date_gmt":"2022-12-22T08:06:34","guid":{"rendered":"http:\/\/www.3eyes3.com\/?page_id=10"},"modified":"2025-02-22T12:16:39","modified_gmt":"2025-02-22T12:16:39","slug":"ag-urunleri","status":"publish","type":"page","link":"https:\/\/www.3eyes3.com\/index.php\/ag-urunleri\/","title":{"rendered":"Network Ip Tabanl\u0131 \u00dcr\u00fcnler"},"content":{"rendered":"\n<p><strong>Y\u00fcksek Performansl\u0131 IP Kamera Sistemleri<\/strong><br>\ud83d\udd0d <strong>Kesintisiz G\u00f6r\u00fcnt\u00fc Kalitesi<\/strong><br>Ultra y\u00fcksek \u00e7\u00f6z\u00fcn\u00fcrl\u00fck ile net ve detayl\u0131 g\u00f6r\u00fcnt\u00fcler sa\u011flayarak, her an\u0131 net bir \u015fekilde kaydedin.<\/p>\n\n\n\n<p>\ud83d\udce1 <strong>Geli\u015fmi\u015f Ak\u0131\u015f H\u0131zlar\u0131<\/strong><br>S\u00fcrekli ve h\u0131zl\u0131 veri ak\u0131\u015f\u0131 ile, ger\u00e7ek zamanl\u0131 izleme ve kay\u0131t s\u0131ras\u0131nda en \u00fcst d\u00fczeyde performans elde edin.<\/p>\n\n\n\n<p>\u2699\ufe0f <strong>\u00d6zelle\u015ftirilebilir Altyap\u0131lar<\/strong><br>Farkl\u0131 ihtiya\u00e7lara y\u00f6nelik, esnek ve \u00f6l\u00e7eklenebilir a\u011f tabanl\u0131 kamera sistemleri. Kurumsal projelere uygun \u00e7\u00f6z\u00fcmler.<\/p>\n\n\n\n<p>\ud83d\udee1\ufe0f <strong>G\u00fcvenli ve Dayan\u0131kl\u0131<\/strong><br>Sisteminizi d\u0131\u015f tehditlere kar\u015f\u0131 korumak i\u00e7in geli\u015fmi\u015f \u015fifreleme ve g\u00fcvenlik protokollerine sahip.<\/p>\n\n\n\n<p>\ud83c\udf10 <strong>Global Eri\u015fim ve Kontrol<\/strong><br>Her yerden internet \u00fczerinden kolayca eri\u015fim ve tam kontrol imkan\u0131. Her an her yerden y\u00f6netim.<\/p>\n\n\n\n<p>\ud83d\udca1 <strong>Yenilik\u00e7i Teknolojiler<\/strong><br>AI destekli y\u00fcz tan\u0131ma, hareket alg\u0131lama ve anl\u0131k uyar\u0131lar ile en y\u00fcksek g\u00fcvenlik d\u00fczeyini sa\u011flamak.<\/p>\n\n\n\n<hr class=\"wp-block-separator has-alpha-channel-opacity\"\/>\n\n\n\n<p><\/p>\n\n\n\n<p><\/p>\n","protected":false},"excerpt":{"rendered":"<p>Y\u00fcksek Performansl\u0131 IP Kamera Sistemleri\ud83d\udd0d Kesintisiz G\u00f6r\u00fcnt\u00fc KalitesiUltra y\u00fcksek \u00e7\u00f6z\u00fcn\u00fcrl\u00fck ile net ve detayl\u0131 g\u00f6r\u00fcnt\u00fcler sa\u011flayarak, her an\u0131 net bir \u015fekilde kaydedin. \ud83d\udce1 Geli\u015fmi\u015f Ak\u0131\u015f H\u0131zlar\u0131S\u00fcrekli ve h\u0131zl\u0131 veri ak\u0131\u015f\u0131 ile, ger\u00e7ek zamanl\u0131 izleme ve kay\u0131t s\u0131ras\u0131nda en \u00fcst d\u00fczeyde performans elde edin. \u2699\ufe0f \u00d6zelle\u015ftirilebilir Altyap\u0131larFarkl\u0131 ihtiya\u00e7lara y\u00f6nelik, esnek ve \u00f6l\u00e7eklenebilir a\u011f tabanl\u0131 kamera sistemleri. [&hellip;]<\/p>\n","protected":false},"author":1,"featured_media":0,"parent":0,"menu_order":0,"comment_status":"closed","ping_status":"closed","template":"","meta":{"_eb_attr":"","footnotes":""},"class_list":["post-10","page","type-page","status-publish","hentry"],"jetpack_sharing_enabled":true,"_links":{"self":[{"href":"https:\/\/www.3eyes3.com\/index.php\/wp-json\/wp\/v2\/pages\/10","targetHints":{"allow":["GET"]}}],"collection":[{"href":"https:\/\/www.3eyes3.com\/index.php\/wp-json\/wp\/v2\/pages"}],"about":[{"href":"https:\/\/www.3eyes3.com\/index.php\/wp-json\/wp\/v2\/types\/page"}],"author":[{"embeddable":true,"href":"https:\/\/www.3eyes3.com\/index.php\/wp-json\/wp\/v2\/users\/1"}],"replies":[{"embeddable":true,"href":"https:\/\/www.3eyes3.com\/index.php\/wp-json\/wp\/v2\/comments?post=10"}],"version-history":[{"count":6,"href":"https:\/\/www.3eyes3.com\/index.php\/wp-json\/wp\/v2\/pages\/10\/revisions"}],"predecessor-version":[{"id":541,"href":"https:\/\/www.3eyes3.com\/index.php\/wp-json\/wp\/v2\/pages\/10\/revisions\/541"}],"wp:attachment":[{"href":"https:\/\/www.3eyes3.com\/index.php\/wp-json\/wp\/v2\/media?parent=10"}],"curies":[{"name":"wp","href":"https:\/\/api.w.org\/{rel}","templated":true}]}}