{"id":281,"date":"2023-01-26T09:13:25","date_gmt":"2023-01-26T09:13:25","guid":{"rendered":"http:\/\/www.3eyes3.com\/?page_id=281"},"modified":"2025-02-22T12:52:13","modified_gmt":"2025-02-22T12:52:13","slug":"egitim","status":"publish","type":"page","link":"https:\/\/www.3eyes3.com\/index.php\/egitim\/","title":{"rendered":"E\u011e\u0130T\u0130M"},"content":{"rendered":"\n<div class=\"wp-block-columns is-layout-flex wp-container-core-columns-is-layout-28f84493 wp-block-columns-is-layout-flex\">\n<div class=\"wp-block-column is-layout-flow wp-block-column-is-layout-flow\">\n<figure class=\"wp-block-image aligncenter size-large has-custom-border\"><img fetchpriority=\"high\" decoding=\"async\" width=\"1024\" height=\"562\" src=\"http:\/\/www.3eyes3.com\/wp-content\/uploads\/2023\/01\/Ekran-goruntusu-2023-01-29-172015-1024x562.png\" alt=\"\" class=\"wp-image-296\" style=\"border-width:7px;border-radius:15px\" srcset=\"https:\/\/www.3eyes3.com\/wp-content\/uploads\/2023\/01\/Ekran-goruntusu-2023-01-29-172015-1024x562.png 1024w, https:\/\/www.3eyes3.com\/wp-content\/uploads\/2023\/01\/Ekran-goruntusu-2023-01-29-172015-300x165.png 300w, https:\/\/www.3eyes3.com\/wp-content\/uploads\/2023\/01\/Ekran-goruntusu-2023-01-29-172015-768x422.png 768w, https:\/\/www.3eyes3.com\/wp-content\/uploads\/2023\/01\/Ekran-goruntusu-2023-01-29-172015.png 1053w\" sizes=\"(max-width: 1024px) 100vw, 1024px\" \/><\/figure>\n<\/div>\n<\/div>\n\n\n\n<p>E\u011fitim Alan\u0131nda G\u00fcvenlik ve \u0130zleme \u00c7\u00f6z\u00fcmleri \n\ud83c\udfeb Giri\u015f-\u00c7\u0131k\u0131\u015f Kontrolleri  \nE\u011fitim kurumlar\u0131nda, \u00f6\u011frenci ve personel hareketlili\u011fini g\u00fcvenli ve verimli \u015fekilde izlemek i\u00e7in geli\u015fmi\u015f giri\u015f-\u00e7\u0131k\u0131\u015f kontrol sistemleri.\n\n\ud83c\udf21\ufe0f Termal \u0130zleme  \nTermal kameralar sayesinde, \u00f6zellikle kalabal\u0131k ortamlarda s\u0131cakl\u0131k \u00f6l\u00e7\u00fcmleri ve olas\u0131 sa\u011fl\u0131k risklerine kar\u015f\u0131 anl\u0131k uyar\u0131lar.\n\n\ud83d\udccd B\u00f6lgesel Analizler  \nKamp\u00fcs i\u00e7inde belirli b\u00f6lgelerde g\u00fcvenlik analizi yaparak, herhangi bir \u015f\u00fcpheli aktiviteyi h\u0131zla tespit etme imkan\u0131.\n\n\ud83d\udd10 Geli\u015fmi\u015f G\u00fcvenlik Sistemleri  \nE\u011fitim alanlar\u0131n\u0131n her noktas\u0131nda g\u00fcvenli\u011fi art\u0131ran, entegre g\u00fcvenlik \u00e7\u00f6z\u00fcmleriyle t\u00fcm alan\u0131n izlenebilirli\u011fi sa\u011flan\u0131r.\n.<\/p>\n","protected":false},"excerpt":{"rendered":"<p>E\u011fitim Alan\u0131nda G\u00fcvenlik ve \u0130zleme \u00c7\u00f6z\u00fcmleri \ud83c\udfeb Giri\u015f-\u00c7\u0131k\u0131\u015f Kontrolleri E\u011fitim kurumlar\u0131nda, \u00f6\u011frenci ve personel hareketlili\u011fini g\u00fcvenli ve verimli \u015fekilde izlemek i\u00e7in geli\u015fmi\u015f giri\u015f-\u00e7\u0131k\u0131\u015f kontrol sistemleri. \ud83c\udf21\ufe0f Termal \u0130zleme Termal kameralar sayesinde, \u00f6zellikle kalabal\u0131k ortamlarda s\u0131cakl\u0131k \u00f6l\u00e7\u00fcmleri ve olas\u0131 sa\u011fl\u0131k risklerine kar\u015f\u0131 anl\u0131k uyar\u0131lar. \ud83d\udccd B\u00f6lgesel Analizler Kamp\u00fcs i\u00e7inde belirli b\u00f6lgelerde g\u00fcvenlik analizi yaparak, herhangi bir [&hellip;]<\/p>\n","protected":false},"author":1,"featured_media":0,"parent":0,"menu_order":0,"comment_status":"closed","ping_status":"closed","template":"","meta":{"_eb_attr":"","footnotes":""},"class_list":["post-281","page","type-page","status-publish","hentry"],"jetpack_sharing_enabled":true,"_links":{"self":[{"href":"https:\/\/www.3eyes3.com\/index.php\/wp-json\/wp\/v2\/pages\/281","targetHints":{"allow":["GET"]}}],"collection":[{"href":"https:\/\/www.3eyes3.com\/index.php\/wp-json\/wp\/v2\/pages"}],"about":[{"href":"https:\/\/www.3eyes3.com\/index.php\/wp-json\/wp\/v2\/types\/page"}],"author":[{"embeddable":true,"href":"https:\/\/www.3eyes3.com\/index.php\/wp-json\/wp\/v2\/users\/1"}],"replies":[{"embeddable":true,"href":"https:\/\/www.3eyes3.com\/index.php\/wp-json\/wp\/v2\/comments?post=281"}],"version-history":[{"count":7,"href":"https:\/\/www.3eyes3.com\/index.php\/wp-json\/wp\/v2\/pages\/281\/revisions"}],"predecessor-version":[{"id":551,"href":"https:\/\/www.3eyes3.com\/index.php\/wp-json\/wp\/v2\/pages\/281\/revisions\/551"}],"wp:attachment":[{"href":"https:\/\/www.3eyes3.com\/index.php\/wp-json\/wp\/v2\/media?parent=281"}],"curies":[{"name":"wp","href":"https:\/\/api.w.org\/{rel}","templated":true}]}}