{"id":71,"date":"2022-12-22T09:04:02","date_gmt":"2022-12-22T09:04:02","guid":{"rendered":"http:\/\/www.3eyes3.com\/?page_id=71"},"modified":"2025-02-22T22:24:43","modified_gmt":"2025-02-22T22:24:43","slug":"anasayfa","status":"publish","type":"page","link":"https:\/\/www.3eyes3.com\/","title":{"rendered":"Anasayfa"},"content":{"rendered":"\r\n<p><\/p>\r\n\r\n\r\n\r\n<p><\/p>\r\n\r\n\r\n\r\n<p><\/p>\r\n\r\n\r\n\r\n<div class=\"wp-block-columns is-layout-flex wp-container-core-columns-is-layout-28f84493 wp-block-columns-is-layout-flex\">\r\n<div class=\"wp-block-column is-layout-flow wp-block-column-is-layout-flow\">\r\n<div class=\"wp-block-essential-blocks-button\"><div class=\"eb-parent-wrapper eb-parent-eb-button-mt7iky4 eb_animation eb___animated eb___zoomIn\"><div class=\"eb-button-wrapper eb-button-alignment eb-button-mt7iky4\"><div class=\"eb-button\"><a class=\"eb-button-anchor hvr-grow\" href=\"http:\/\/www.3eyes3.com\/index.php\/2023\/02\/01\/yapilar\/\" rel=\"noopener\"><i icon=\"far fa-building\" class=\"far fa-building eb-button-icon eb-button-icon-left hvr-icon\"><\/i>Yap\u0131lar<\/a><\/div><\/div><\/div><\/div>\r\n<\/div>\r\n\r\n\r\n\r\n<div class=\"wp-block-column is-layout-flow wp-block-column-is-layout-flow\">\r\n<div class=\"wp-block-essential-blocks-button\"><div class=\"eb-parent-wrapper eb-parent-eb-button-b6e6zui eb_animation eb___animated eb___zoomIn\"><div class=\"eb-button-wrapper eb-button-alignment eb-button-b6e6zui\"><div class=\"eb-button\"><a class=\"eb-button-anchor hvr-grow\" href=\"http:\/\/www.3eyes3.com\/index.php\/egitim\/\" rel=\"noopener\"><i icon=\"fas fa-graduation-cap\" class=\"fas fa-graduation-cap eb-button-icon eb-button-icon-left hvr-icon\"><\/i>E\u011fitim<\/a><\/div><\/div><\/div><\/div>\r\n<\/div>\r\n\r\n\r\n\r\n<div class=\"wp-block-column is-layout-flow wp-block-column-is-layout-flow\">\r\n<div class=\"wp-block-essential-blocks-button\"><div class=\"eb-parent-wrapper eb-parent-eb-button-9er9lr8 eb_animation eb___animated eb___zoomIn\"><div class=\"eb-button-wrapper eb-button-alignment eb-button-9er9lr8\"><div class=\"eb-button\"><a class=\"eb-button-anchor hvr-grow\" href=\"http:\/\/www.3eyes3.com\/index.php\/trafik\/\" rel=\"noopener\"><i icon=\"fas fa-car\" class=\"fas fa-car eb-button-icon eb-button-icon-left hvr-icon\"><\/i>Trafik<\/a><\/div><\/div><\/div><\/div>\r\n<\/div>\r\n\r\n\r\n\r\n<div class=\"wp-block-column is-layout-flow wp-block-column-is-layout-flow\">\r\n<div class=\"wp-block-essential-blocks-button\"><div class=\"eb-parent-wrapper eb-parent-eb-button-urmljpk eb_animation eb___animated eb___zoomIn\"><div class=\"eb-button-wrapper eb-button-alignment eb-button-urmljpk\"><div class=\"eb-button\"><a class=\"eb-button-anchor hvr-grow\" href=\"http:\/\/www.3eyes3.com\/index.php\/kritik-alt-yapi\/\" rel=\"noopener\"><i icon=\"fas fa-hospital\" class=\"fas fa-hospital eb-button-icon eb-button-icon-left hvr-icon\"><\/i>Kritik Alt yap\u0131<\/a><\/div><\/div><\/div><\/div>\r\n<\/div>\r\n<\/div>\r\n\r\n\r\n\r\n\r\n\r\n\r\n\r\n<h4 class=\"wp-block-heading has-text-align-center\" style=\"font-style:italic;font-weight:900;text-transform:uppercase\"><strong><em>\u00dcr\u00fcnlerimiz<\/em><\/strong><\/h4>\r\n\r\n\r\n\r\n<div class=\"wp-block-columns is-layout-flex wp-container-core-columns-is-layout-d7d455e7 wp-block-columns-is-layout-flex\" style=\"padding-top:0;padding-right:0;padding-bottom:0;padding-left:0\">\r\n<div class=\"wp-block-column is-layout-flow wp-block-column-is-layout-flow\">\r\n<figure class=\"wp-block-image aligncenter size-full has-custom-border\"><img fetchpriority=\"high\" decoding=\"async\" width=\"334\" height=\"228\" src=\"http:\/\/www.3eyes3.com\/wp-content\/uploads\/2023\/01\/IMG-20230114-WA0020.jpg\" alt=\"\" class=\"has-border-color has-ast-global-color-6-border-color wp-image-106\" style=\"border-width:5px;border-radius:26px\" srcset=\"https:\/\/www.3eyes3.com\/wp-content\/uploads\/2023\/01\/IMG-20230114-WA0020.jpg 334w, https:\/\/www.3eyes3.com\/wp-content\/uploads\/2023\/01\/IMG-20230114-WA0020-300x205.jpg 300w\" sizes=\"(max-width: 334px) 100vw, 334px\" \/><figcaption class=\"wp-element-caption\"><strong>IP Kameralar<\/strong>  <i class=\"fas fa-wifi\"><\/i><\/figcaption><\/figure>\r\n\r\n\r\n\r\n<div class=\"wp-block-essential-blocks-button\"><div class=\"eb-parent-wrapper eb-parent-eb-button-k6qha52 eb_animation eb___animated eb___zoomIn\"><div class=\"eb-button-wrapper eb-button-alignment eb-button-k6qha52\"><div class=\"eb-button\"><a class=\"eb-button-anchor hvr-shrink\" href=\"http:\/\/www.3eyes3.com\/index.php\/2023\/01\/22\/115\/\" rel=\"noopener\"><i icon=\"fas fa-chevron-right\" class=\"fas fa-chevron-right eb-button-icon eb-button-icon-left hvr-icon\"><\/i>Devam\u0131 i\u00e7in t\u0131klay\u0131n&#8230;<\/a><\/div><\/div><\/div><\/div>\r\n<\/div>\r\n\r\n\r\n\r\n<div class=\"wp-block-column is-layout-flow wp-block-column-is-layout-flow\">\r\n<figure class=\"wp-block-image aligncenter size-full has-custom-border\"><img decoding=\"async\" width=\"334\" height=\"228\" src=\"http:\/\/www.3eyes3.com\/wp-content\/uploads\/2023\/01\/IMG-20230114-WA0025.jpg\" alt=\"\" class=\"has-border-color has-ast-global-color-6-border-color wp-image-111\" style=\"border-width:5px;border-radius:25px\" srcset=\"https:\/\/www.3eyes3.com\/wp-content\/uploads\/2023\/01\/IMG-20230114-WA0025.jpg 334w, https:\/\/www.3eyes3.com\/wp-content\/uploads\/2023\/01\/IMG-20230114-WA0025-300x205.jpg 300w\" sizes=\"(max-width: 334px) 100vw, 334px\" \/><figcaption class=\"wp-element-caption\"><strong>Lazer ve Termal Kameralar<\/strong> <i class=\"fas fa-camera\"><\/i><strong><br><\/strong><a href=\"https:\/\/www.longse.com\/Products\/KitsSeries\/\"><\/a><br><a href=\"https:\/\/www.longse.com\/Products\/KitsSeries\/\"><\/a><\/figcaption><\/figure>\r\n\r\n\r\n\r\n<div class=\"wp-block-essential-blocks-button\"><div class=\"eb-parent-wrapper eb-parent-eb-button-94cihi2 eb_animation eb___animated eb___zoomIn\"><div class=\"eb-button-wrapper eb-button-alignment eb-button-94cihi2\"><div class=\"eb-button\"><a class=\"eb-button-anchor hvr-shrink\" href=\"http:\/\/www.3eyes3.com\/index.php\/2023\/01\/24\/tuketici-urunleri\/\" rel=\"noopener\"><i icon=\"fas fa-chevron-right\" class=\"fas fa-chevron-right eb-button-icon eb-button-icon-left hvr-icon\"><\/i>Devam\u0131  i\u00e7in t\u0131klay\u0131n&#8230;<\/a><\/div><\/div><\/div><\/div>\r\n<\/div>\r\n<\/div>\r\n\r\n\r\n\r\n<p><\/p>\r\n\r\n\r\n\r\n<div class=\"wp-block-columns is-layout-flex wp-container-core-columns-is-layout-28f84493 wp-block-columns-is-layout-flex\">\r\n<div class=\"wp-block-column is-layout-flow wp-block-column-is-layout-flow\">\r\n<figure class=\"wp-block-image aligncenter size-full has-custom-border\"><img decoding=\"async\" width=\"334\" height=\"228\" src=\"http:\/\/www.3eyes3.com\/wp-content\/uploads\/2023\/01\/IMG-20230114-WA0009.jpg\" alt=\"\" class=\"has-border-color has-ast-global-color-6-border-color wp-image-95\" style=\"border-width:5px;border-radius:27px\" srcset=\"https:\/\/www.3eyes3.com\/wp-content\/uploads\/2023\/01\/IMG-20230114-WA0009.jpg 334w, https:\/\/www.3eyes3.com\/wp-content\/uploads\/2023\/01\/IMG-20230114-WA0009-300x205.jpg 300w\" sizes=\"(max-width: 334px) 100vw, 334px\" \/><figcaption class=\"wp-element-caption\"><em><strong>Kay\u0131t Cihaz<\/strong><\/em><strong>lar\u0131<\/strong> <i class=\"fas fa-video\"><\/i><\/figcaption><\/figure>\r\n\r\n\r\n\r\n<div class=\"wp-block-essential-blocks-button\"><div class=\"eb-parent-wrapper eb-parent-eb-button-ttc6k5j eb_animation eb___animated eb___zoomIn\"><div class=\"eb-button-wrapper eb-button-alignment eb-button-ttc6k5j\"><div class=\"eb-button\"><a class=\"eb-button-anchor hvr-shrink\" href=\"http:\/\/www.3eyes3.com\/index.php\/2023\/01\/24\/aksesuarlar\/\" rel=\"noopener\"><i icon=\"fas fa-chevron-right\" class=\"fas fa-chevron-right eb-button-icon eb-button-icon-left hvr-icon\"><\/i>Devam\u0131 i\u00e7in t\u0131klay\u0131n&#8230;<\/a><\/div><\/div><\/div><\/div>\r\n<\/div>\r\n\r\n\r\n\r\n<div class=\"wp-block-column is-layout-flow wp-block-column-is-layout-flow\">\r\n<figure class=\"wp-block-image aligncenter size-full has-custom-border\"><img loading=\"lazy\" decoding=\"async\" width=\"334\" height=\"228\" src=\"http:\/\/www.3eyes3.com\/wp-content\/uploads\/2023\/01\/IMG-20230114-WA0019.jpg\" alt=\"\" class=\"has-border-color has-ast-global-color-6-border-color wp-image-105\" style=\"border-width:5px;border-radius:27px\" srcset=\"https:\/\/www.3eyes3.com\/wp-content\/uploads\/2023\/01\/IMG-20230114-WA0019.jpg 334w, https:\/\/www.3eyes3.com\/wp-content\/uploads\/2023\/01\/IMG-20230114-WA0019-300x205.jpg 300w\" sizes=\"(max-width: 334px) 100vw, 334px\" \/><figcaption class=\"wp-element-caption\"><strong>Kitler Serisi<\/strong>  <i class=\"fas fa-hard-drive\"><\/i><\/figcaption><\/figure>\r\n\r\n\r\n\r\n<div class=\"wp-block-essential-blocks-button\"><div class=\"eb-parent-wrapper eb-parent-eb-button-bjn6rj3 eb_animation eb___animated eb___zoomIn\"><div class=\"eb-button-wrapper eb-button-alignment eb-button-bjn6rj3\"><div class=\"eb-button\"><a class=\"eb-button-anchor hvr-shrink\" href=\"http:\/\/www.3eyes3.com\/index.php\/2023\/01\/25\/nvr-kitleri\/\" rel=\"noopener\"><i icon=\"fas fa-chevron-right\" class=\"fas fa-chevron-right eb-button-icon eb-button-icon-left hvr-icon\"><\/i>Devam\u0131 i\u00e7in t\u0131klay\u0131n&#8230;<\/a><\/div><\/div><\/div><\/div>\r\n<\/div>\r\n<\/div>\r\n\r\n\r\n\r\n<p><\/p>\r\n\r\n\r\n\r\n<p><\/p>\r\n\r\n\r\n\r\n<p><\/p>\r\n\r\n\r\n\r\n<p><\/p>\r\n\r\n\r\n\r\n<p><\/p>\r\n<!-- Created with Elementor --><!-- Created with Elementor -->","protected":false},"excerpt":{"rendered":"<p>\u00dcr\u00fcnlerimiz<\/p>\n","protected":false},"author":1,"featured_media":0,"parent":0,"menu_order":0,"comment_status":"closed","ping_status":"closed","template":"","meta":{"_eb_attr":"","footnotes":""},"class_list":["post-71","page","type-page","status-publish","hentry"],"jetpack_sharing_enabled":true,"_links":{"self":[{"href":"https:\/\/www.3eyes3.com\/index.php\/wp-json\/wp\/v2\/pages\/71","targetHints":{"allow":["GET"]}}],"collection":[{"href":"https:\/\/www.3eyes3.com\/index.php\/wp-json\/wp\/v2\/pages"}],"about":[{"href":"https:\/\/www.3eyes3.com\/index.php\/wp-json\/wp\/v2\/types\/page"}],"author":[{"embeddable":true,"href":"https:\/\/www.3eyes3.com\/index.php\/wp-json\/wp\/v2\/users\/1"}],"replies":[{"embeddable":true,"href":"https:\/\/www.3eyes3.com\/index.php\/wp-json\/wp\/v2\/comments?post=71"}],"version-history":[{"count":67,"href":"https:\/\/www.3eyes3.com\/index.php\/wp-json\/wp\/v2\/pages\/71\/revisions"}],"predecessor-version":[{"id":538,"href":"https:\/\/www.3eyes3.com\/index.php\/wp-json\/wp\/v2\/pages\/71\/revisions\/538"}],"wp:attachment":[{"href":"https:\/\/www.3eyes3.com\/index.php\/wp-json\/wp\/v2\/media?parent=71"}],"curies":[{"name":"wp","href":"https:\/\/api.w.org\/{rel}","templated":true}]}}